{"id":404,"date":"2023-02-11T17:41:21","date_gmt":"2023-02-11T17:41:21","guid":{"rendered":"https:\/\/lrsi.uqo.ca\/?page_id=404"},"modified":"2023-03-10T22:45:52","modified_gmt":"2023-03-10T22:45:52","slug":"les-journees-du-lrsi","status":"publish","type":"page","link":"https:\/\/lrsi.uqo.ca\/index.php\/les-journees-du-lrsi\/","title":{"rendered":"Les journ\u00e9es du LRSI"},"content":{"rendered":"\n<p>Th\u00e8me\u00a0: <strong>Identit\u00e9 num\u00e9rique et cybers\u00e9curit\u00e9<\/strong><\/p>\n\n\n\n<div class=\"wp-block-file\"><a id=\"wp-block-file--media-cc42c947-774b-4c97-b153-90e0e9b0f355\" href=\"https:\/\/lrsi.uqo.ca\/wp-content\/uploads\/2023\/03\/Journees-LRSI-2023.pdf\">Download Flyer<\/a><a href=\"https:\/\/lrsi.uqo.ca\/wp-content\/uploads\/2023\/03\/Journees-LRSI-2023.pdf\" class=\"wp-block-file__button wp-element-button\" download aria-describedby=\"wp-block-file--media-cc42c947-774b-4c97-b153-90e0e9b0f355\"><\/a><\/div>\n\n\n\n<p>Date\u00a0:\u00a0\u00a0Vendredi, 17 mars 2023\u00a0<\/p>\n\n\n\n<p>Salle A-2335, Pav. Lucien Brault &#8211; Gatineau<\/p>\n\n\n\n<p>Universit\u00e9 du Qu\u00e9bec en Outaouais<\/p>\n\n\n\n<p><strong>Inscription\u00a0:<\/strong>\u00a0\u00a0<a href=\"https:\/\/forms.gle\/LVPqT7oAFxyfAKzS8\">https:\/\/forms.gle\/LVPqT7oAFxyfAKzS8<\/a><\/p>\n\n\n\n<p>Possibilit\u00e9 de participer en ligne. <\/p>\n\n\n\n<p>L&#8217;identit\u00e9 num\u00e9rique est l\u2019\u00e9quivalent \u00e9lectronique de l\u2019identit\u00e9 r\u00e9elle des entit\u00e9s (personne, organisation, objets, etc.). Elle est constitu\u00e9e d\u2019identificateurs et d\u2019attributs sp\u00e9ciaux au format num\u00e9rique qui permettent, dans le cyberespace, d&#8217;identifier de fa\u00e7on unique chaque entit\u00e9 et \u00e0 la distinguer des autres. Une m\u00eame entit\u00e9 peut d\u00e9tenir plusieurs preuves de plusieurs identit\u00e9s.&nbsp;&nbsp;L\u2019identification num\u00e9rique avec l\u2019authentification sont essentielles au bon d\u00e9roulement des interactions et des services dans le cyberespace. Cependant la s\u00e9curit\u00e9 et l\u2019interop\u00e9rabilit\u00e9 des identit\u00e9s num\u00e9riques restent, encore de nos jours, un d\u00e9fi important et une priorit\u00e9 centrale.&nbsp;<\/p>\n\n\n\n<p>Cette journ\u00e9e d\u2019\u00e9tude a pour ambition d\u2019engager une r\u00e9flexion collective sur les enjeux et d\u00e9fis de cybers\u00e9curit\u00e9 pos\u00e9s par l&#8217;identit\u00e9 num\u00e9rique.   <\/p>\n\n\n\n<p class=\"has-medium-font-size\"><strong>Programme<\/strong><\/p>\n\n\n\n<figure class=\"wp-block-table\"><table><tbody><tr><td><em>08h00 \u2013 08h30<\/em><em><\/em><\/td><td><strong>Accueil<\/strong><strong><\/strong><\/td><\/tr><tr><td><em>08h30 \u2013 08h40<\/em><em><\/em><\/td><td><strong>Mot de bienvenue&nbsp;<\/strong><strong><\/strong><\/td><\/tr><tr><td><em>08h40 &#8211; 09h00<\/em><em><\/em><\/td><td><em>Identit\u00e9 num\u00e9rique et cybers\u00e9curit\u00e9\u00a0<\/em><br><strong>LRSI &#8211; UQO<\/strong><\/td><\/tr><tr><td><em>09h00 \u2013 09h30<\/em><em><\/em><\/td><td><em>Self-Sovereign Identity: A New Paradigm for Identity Management and Its Open Challenges<\/em><br><strong>Frederico Schardong<\/strong>, Adjunct professor, Federal Institute of Science, Education and Technology, Federal University of Santa Catarina, Brazil.<\/td><\/tr><tr><td><em>09h30 &#8211; 10h00<\/em><em><\/em><\/td><td><em>L&#8217;identit\u00e9, la nouvelle fronti\u00e8re \u00e0 prot\u00e9ger<\/em><br><strong>Adel Djama<\/strong>, Ph.D. Microsoft Technical Trainer, Microsoft \u2013 France<\/td><\/tr><tr><td><strong><em>&nbsp;<\/em><\/strong><\/td><td><strong>Pause<\/strong><strong><\/strong><\/td><\/tr><tr><td><em>10h10\u2013 10h30<\/em><em><\/em><\/td><td><em>The Pan-Canadian Trust Framework (PCTF)<\/em><br><strong>Joni Brennan<\/strong>, President of Digital Identification and Authentication Council of Canada (DIACC)<\/td><\/tr><tr><td><em>10h30 \u2013 11h00<\/em><em><\/em><\/td><td><em>The shifting trust imperative of online service delivery<\/em><br><strong>Gregory Natran<\/strong>, Distinguished Architect, Portage CyberTech.<\/td><\/tr><tr><td><em>11h00 \u2013 12h00<\/em><em><\/em><\/td><td><strong><em>Table Ronde<\/em><\/strong><em>&nbsp;: Enjeux et d\u00e9fis de cybers\u00e9curit\u00e9 pos\u00e9s par l\u2019identit\u00e9 num\u00e9rique<\/em><\/td><\/tr><tr><td><em>12h00 \u2013 13h00<\/em><em><\/em><\/td><td><strong>Lunch et cl\u00f4ture de la journ\u00e9e<\/strong><strong><\/strong><\/td><\/tr><\/tbody><\/table><\/figure>\n","protected":false},"excerpt":{"rendered":"<p>Th\u00e8me\u00a0: Identit\u00e9 num\u00e9rique et cybers\u00e9curit\u00e9 Date\u00a0:\u00a0\u00a0Vendredi, 17 mars 2023\u00a0 Salle A-2335, Pav. Lucien Brault &#8211; Gatineau Universit\u00e9 du Qu\u00e9bec en Outaouais Inscription\u00a0:\u00a0\u00a0https:\/\/forms.gle\/LVPqT7oAFxyfAKzS8 Possibilit\u00e9 de participer en ligne. L&#8217;identit\u00e9 num\u00e9rique est l\u2019\u00e9quivalent \u00e9lectronique de l\u2019identit\u00e9 r\u00e9elle des entit\u00e9s (personne, organisation, objets, etc.). Elle est constitu\u00e9e d\u2019identificateurs et d\u2019attributs sp\u00e9ciaux au format num\u00e9rique qui permettent, dans le &hellip; <\/p>\n<p class=\"link-more\"><a href=\"https:\/\/lrsi.uqo.ca\/index.php\/les-journees-du-lrsi\/\" class=\"more-link\">Read more<span class=\"screen-reader-text\"> &#8220;Les journ\u00e9es du LRSI&#8221;<\/span><\/a><\/p>\n","protected":false},"author":1,"featured_media":0,"parent":0,"menu_order":0,"comment_status":"closed","ping_status":"closed","template":"","meta":{"footnotes":""},"class_list":["post-404","page","type-page","status-publish","hentry"],"_links":{"self":[{"href":"https:\/\/lrsi.uqo.ca\/index.php\/wp-json\/wp\/v2\/pages\/404","targetHints":{"allow":["GET"]}}],"collection":[{"href":"https:\/\/lrsi.uqo.ca\/index.php\/wp-json\/wp\/v2\/pages"}],"about":[{"href":"https:\/\/lrsi.uqo.ca\/index.php\/wp-json\/wp\/v2\/types\/page"}],"author":[{"embeddable":true,"href":"https:\/\/lrsi.uqo.ca\/index.php\/wp-json\/wp\/v2\/users\/1"}],"replies":[{"embeddable":true,"href":"https:\/\/lrsi.uqo.ca\/index.php\/wp-json\/wp\/v2\/comments?post=404"}],"version-history":[{"count":18,"href":"https:\/\/lrsi.uqo.ca\/index.php\/wp-json\/wp\/v2\/pages\/404\/revisions"}],"predecessor-version":[{"id":444,"href":"https:\/\/lrsi.uqo.ca\/index.php\/wp-json\/wp\/v2\/pages\/404\/revisions\/444"}],"wp:attachment":[{"href":"https:\/\/lrsi.uqo.ca\/index.php\/wp-json\/wp\/v2\/media?parent=404"}],"curies":[{"name":"wp","href":"https:\/\/api.w.org\/{rel}","templated":true}]}}